{"id":51,"date":"2020-06-05T13:22:37","date_gmt":"2020-06-05T13:22:37","guid":{"rendered":"https:\/\/kraft.caliberthemes.com\/architecture\/?page_id=51"},"modified":"2023-12-10T16:51:53","modified_gmt":"2023-12-10T16:51:53","slug":"servicios","status":"publish","type":"page","link":"https:\/\/kineframe.com\/es\/servicios\/","title":{"rendered":"servicios"},"content":{"rendered":"<section class=\"wpb-content-wrapper\"><div class=\"row-container\" ><div class=\"vc_row wpb_row vc_row-fluid vc_custom_1700130057079 vc_row-has-fill\"><div class=\"wpb_column vc_column_container vc_col-sm-12 vc_col-has-fill\"><div class=\"vc_column-inner vc_custom_1700130231669\"><div class=\"wpb_wrapper\">\r\n\t<div class=\"heading-custom text-left heading-custom_1591363661287 \">\r\n\t\t\r\n\t\t        <h1 class=\"heading wt-400 heading\"  style=\"color:#0d0d0c;\" >\r\n\t\t\tservicios\t\t\r\n\t\t<\/h1>\r\n\t\t\t\t\r\n\t\t\t\t\r\n\t\t\r\n    <\/div><\/div><\/div><\/div><\/div><\/div><div class=\"row-container\" ><div class=\"vc_row wpb_row vc_row-fluid\"><div class=\"wpb_column vc_column_container vc_col-sm-12\"><div class=\"vc_column-inner\"><div class=\"wpb_wrapper\"><div class=\"vc_empty_space\"   style=\"height: 30px\"><span class=\"vc_empty_space_inner\"><\/span><\/div><\/div><\/div><\/div><\/div><\/div><div class=\"row-container\" ><div class=\"vc_row wpb_row vc_row-fluid\"><div class=\"wpb_column vc_column_container vc_col-sm-8\"><div class=\"vc_column-inner\"><div class=\"wpb_wrapper\"><div class=\"vc_empty_space\"   style=\"height: 7px\"><span class=\"vc_empty_space_inner\"><\/span><\/div>\r\n\t<div class=\"wpb_text_column wpb_content_element  vc_custom_1702202573188 wpb_text_column_2076832557  wpb_text_column_1591367275771   wt-400\"  >\r\n\t\t<div class=\"wpb_wrapper\">\r\n\t\t\t<p><span style=\"font-weight: 400;\">kineframe re\u00fane a\u00f1os de experiencia en visualizaci\u00f3n arquitect\u00f3nica, trabajando desde proyectos de interiorismo, con detalles minuciosos, hasta proyectos de urbanismo a gran escala. de estas experiencias emerge la capacidad de comprender las necesidades de varias figuras en el campo del dise\u00f1o, como promotores, arquitectos, interioristas, fabricantes,\u00a0entre otros.<\/span><\/p>\n<p><span style=\"font-weight: 400;\">el punto de partida de los proyectos puede ser diferente: un boceto, un plano, un modelo 3d, incluso una simple conversaci\u00f3n. respecto al objetivo principal ser\u00e1 siempre el mismo: a\u00f1adir valor al proyecto en forma de im\u00e1genes o video animaci\u00f3n, proporcionando de esta forma m\u00e1s posibilidades de marketing.<\/span><\/p>\n\r\n\t\t<\/div>\r\n\t<\/div>\r\n\r\n\t<div class=\"heading-custom text-left heading-custom_1221396041 \">\r\n\t\t\r\n\t\t        <h3 class=\"font-size-22 wt-400 heading\"  style=\"color:#0d0d0c;\" >\r\n\t\t\tproceso\t\t\r\n\t\t<\/h3>\r\n\t\t\t\t\r\n\t\t\t\t\r\n\t\t\r\n    <\/div><div class=\"vc_tta-container vc_tta-o-non-responsive\" data-vc-action=\"collapse\"><div class=\"vc_general vc_tta vc_tta-tabs vc_tta-o-shape-group vc_tta-has-pagination vc_tta-o-no-fill vc_tta-tabs-position-top  vc_tta-pageable\"><div class=\"vc_tta-panels-container\"><ul class=\"vc_general vc_pagination vc_pagination-style-flat vc_pagination-shape-round vc_pagination-color-chino\"><li class=\"vc_pagination-item vc_active\" data-vc-tab><a href=\"#1700162436513-d43a7702-7488\" class=\"vc_pagination-trigger\" data-vc-tabs data-vc-container=\".vc_tta\"><\/a><\/li><li class=\"vc_pagination-item\" data-vc-tab><a href=\"#1700162436535-59f6b0cf-29cf\" class=\"vc_pagination-trigger\" data-vc-tabs data-vc-container=\".vc_tta\"><\/a><\/li><li class=\"vc_pagination-item\" data-vc-tab><a href=\"#1700163418853-0179d53d-d0f5\" class=\"vc_pagination-trigger\" data-vc-tabs data-vc-container=\".vc_tta\"><\/a><\/li><li class=\"vc_pagination-item\" data-vc-tab><a href=\"#1700163419776-e0f6ea54-5b4b\" class=\"vc_pagination-trigger\" data-vc-tabs data-vc-container=\".vc_tta\"><\/a><\/li><li class=\"vc_pagination-item\" data-vc-tab><a href=\"#1700163421307-2f8b6db5-9cc3\" class=\"vc_pagination-trigger\" data-vc-tabs data-vc-container=\".vc_tta\"><\/a><\/li><li class=\"vc_pagination-item\" data-vc-tab><a href=\"#1700163422194-0a664b0d-d0a6\" class=\"vc_pagination-trigger\" data-vc-tabs data-vc-container=\".vc_tta\"><\/a><\/li><li class=\"vc_pagination-item\" data-vc-tab><a href=\"#1700163423047-4f231722-1f81\" class=\"vc_pagination-trigger\" data-vc-tabs data-vc-container=\".vc_tta\"><\/a><\/li><li class=\"vc_pagination-item\" data-vc-tab><a href=\"#1700163423868-12272006-95aa\" class=\"vc_pagination-trigger\" data-vc-tabs data-vc-container=\".vc_tta\"><\/a><\/li><li class=\"vc_pagination-item\" data-vc-tab><a href=\"#1700163424667-584e0035-0a3c\" class=\"vc_pagination-trigger\" data-vc-tabs data-vc-container=\".vc_tta\"><\/a><\/li><\/ul><div class=\"vc_tta-panels\"><div  class=\"vc_tta-panel vc_active\" id=\"1700162436513-d43a7702-7488\" data-vc-content=\".vc_tta-panel-body\"><div class=\"vc_tta-panel-body\">\n\t\t\t<span class=\"vc_tta-panel-title\">\n\t\t\t\t<a  data-vc-container=\".vc_tta-container\" data-vc-accordion=\"\" data-vc-target=\"#1700162436513-d43a7702-7488\"><\/a>\n\t\t\t<\/span>\n\t\t\r\n\t<div class=\"wpb_text_column wpb_content_element  wpb_text_column_573438341   wt-400\"  >\r\n\t\t<div class=\"wpb_wrapper\">\r\n\t\t\t<p><span style=\"font-weight: 400;\"><strong>1.<\/strong> todo empieza con el primer contacto, que puede ser mediante una llamada o un correo electr\u00f3nico. incluir una breve descripci\u00f3n de su proyecto facilitar\u00e1 la comunicaci\u00f3n.<\/span><\/p>\n\r\n\t\t<\/div>\r\n\t<\/div>\r\n<\/div><\/div><div  class=\"vc_tta-panel\" id=\"1700162436535-59f6b0cf-29cf\" data-vc-content=\".vc_tta-panel-body\"><div class=\"vc_tta-panel-body\">\n\t\t\t<span class=\"vc_tta-panel-title\">\n\t\t\t\t<a  data-vc-container=\".vc_tta-container\" data-vc-accordion=\"\" data-vc-target=\"#1700162436535-59f6b0cf-29cf\"><\/a>\n\t\t\t<\/span>\n\t\t\r\n\t<div class=\"wpb_text_column wpb_content_element  wpb_text_column_1309979519   wt-400\"  >\r\n\t\t<div class=\"wpb_wrapper\">\r\n\t\t\t<p><strong>2.<\/strong> tras recibir su solicitud, la revisar\u00e9 y me pondr\u00e9 en contacto por email o llamada telef\u00f3nica en menos de 1 hora. este segundo contacto tiene como objetivo concretar y afinar la estrategia antes de elaborar un presupuesto formal.<\/p>\n\r\n\t\t<\/div>\r\n\t<\/div>\r\n<\/div><\/div><div  class=\"vc_tta-panel\" id=\"1700163418853-0179d53d-d0f5\" data-vc-content=\".vc_tta-panel-body\"><div class=\"vc_tta-panel-body\">\n\t\t\t<span class=\"vc_tta-panel-title\">\n\t\t\t\t<a  data-vc-container=\".vc_tta-container\" data-vc-accordion=\"\" data-vc-target=\"#1700163418853-0179d53d-d0f5\"><\/a>\n\t\t\t<\/span>\n\t\t\r\n\t<div class=\"wpb_text_column wpb_content_element  wpb_text_column_853512038   wt-400\"  >\r\n\t\t<div class=\"wpb_wrapper\">\r\n\t\t\t<p><span style=\"font-weight: 400;\"><strong>3.<\/strong> completada la correspondencia inicial, le proporcionar\u00e9 un presupuesto formal. una vez aprobado, asegurar\u00e1 mi disponibilidad durante el tiempo necesario.<\/span><\/p>\n\r\n\t\t<\/div>\r\n\t<\/div>\r\n<\/div><\/div><div  class=\"vc_tta-panel\" id=\"1700163419776-e0f6ea54-5b4b\" data-vc-content=\".vc_tta-panel-body\"><div class=\"vc_tta-panel-body\">\n\t\t\t<span class=\"vc_tta-panel-title\">\n\t\t\t\t<a  data-vc-container=\".vc_tta-container\" data-vc-accordion=\"\" data-vc-target=\"#1700163419776-e0f6ea54-5b4b\"><\/a>\n\t\t\t<\/span>\n\t\t\r\n\t<div class=\"wpb_text_column wpb_content_element  wpb_text_column_1830201232   wt-400\"  >\r\n\t\t<div class=\"wpb_wrapper\">\r\n\t\t\t<p><span style=\"font-weight: 400;\"><strong>4.<\/strong> estamos listos para empezar. mi objetivo final es proporcionarle im\u00e1genes y videos impresionantes que pueda utilizar en su estrategia de marketing y comunicaci\u00f3n, agregando as\u00ed valor a su proyecto<\/span><\/p>\n\r\n\t\t<\/div>\r\n\t<\/div>\r\n<\/div><\/div><div  class=\"vc_tta-panel\" id=\"1700163421307-2f8b6db5-9cc3\" data-vc-content=\".vc_tta-panel-body\"><div class=\"vc_tta-panel-body\">\n\t\t\t<span class=\"vc_tta-panel-title\">\n\t\t\t\t<a  data-vc-container=\".vc_tta-container\" data-vc-accordion=\"\" data-vc-target=\"#1700163421307-2f8b6db5-9cc3\"><\/a>\n\t\t\t<\/span>\n\t\t\r\n\t<div class=\"wpb_text_column wpb_content_element  wpb_text_column_574878263   wt-400\"  >\r\n\t\t<div class=\"wpb_wrapper\">\r\n\t\t\t<p><span style=\"font-weight: 400;\"><strong>5.<\/strong> para garantizar un flujo de trabajo fluido, se espera que proporcione todo el material acordado previamente, como archivos cad, modelos 3d y toda la informaci\u00f3n pertinente. esto facilitar\u00e1 la creaci\u00f3n de im\u00e1genes y animaciones con el m\u00e1ximo detalle posible.<\/span><\/p>\n\r\n\t\t<\/div>\r\n\t<\/div>\r\n<\/div><\/div><div  class=\"vc_tta-panel\" id=\"1700163422194-0a664b0d-d0a6\" data-vc-content=\".vc_tta-panel-body\"><div class=\"vc_tta-panel-body\">\n\t\t\t<span class=\"vc_tta-panel-title\">\n\t\t\t\t<a  data-vc-container=\".vc_tta-container\" data-vc-accordion=\"\" data-vc-target=\"#1700163422194-0a664b0d-d0a6\"><\/a>\n\t\t\t<\/span>\n\t\t\r\n\t<div class=\"wpb_text_column wpb_content_element  wpb_text_column_2047256322   wt-400\"  >\r\n\t\t<div class=\"wpb_wrapper\">\r\n\t\t\t<p><strong>6.<\/strong> una vez que haya recibido toda la informaci\u00f3n, iniciar\u00e9 la construcci\u00f3n del modelo 3d. en un plazo de 2 a 3 d\u00edas, recibir\u00e1 una propuesta de im\u00e1genes y videos en baja resoluci\u00f3n (seg\u00fan las necesidades del proyecto). en esta fase, seleccionar\u00e1 los \u00e1ngulos a utilizar y podr\u00e1 indicar cualquier cambio o mejora necesario.<\/p>\n\r\n\t\t<\/div>\r\n\t<\/div>\r\n<\/div><\/div><div  class=\"vc_tta-panel\" id=\"1700163423047-4f231722-1f81\" data-vc-content=\".vc_tta-panel-body\"><div class=\"vc_tta-panel-body\">\n\t\t\t<span class=\"vc_tta-panel-title\">\n\t\t\t\t<a  data-vc-container=\".vc_tta-container\" data-vc-accordion=\"\" data-vc-target=\"#1700163423047-4f231722-1f81\"><\/a>\n\t\t\t<\/span>\n\t\t\r\n\t<div class=\"wpb_text_column wpb_content_element  wpb_text_column_644677090   wt-400\"  >\r\n\t\t<div class=\"wpb_wrapper\">\r\n\t\t\t<p><span style=\"font-weight: 400;\"><strong>7.<\/strong> tras comunicar los \u00e1ngulos seleccionados junto con los comentarios, proceder\u00e9 a a\u00f1adir detalles. recibir\u00e1 una segunda versi\u00f3n mas detallada en baja resoluci\u00f3n, que incluir\u00e1 una primera fase de postproducci\u00f3n. podr\u00e1 realizar cambios adicionales en esta etapa seg\u00fan sea necesario.<\/span><\/p>\n\r\n\t\t<\/div>\r\n\t<\/div>\r\n<\/div><\/div><div  class=\"vc_tta-panel\" id=\"1700163423868-12272006-95aa\" data-vc-content=\".vc_tta-panel-body\"><div class=\"vc_tta-panel-body\">\n\t\t\t<span class=\"vc_tta-panel-title\">\n\t\t\t\t<a  data-vc-container=\".vc_tta-container\" data-vc-accordion=\"\" data-vc-target=\"#1700163423868-12272006-95aa\"><\/a>\n\t\t\t<\/span>\n\t\t\r\n\t<div class=\"wpb_text_column wpb_content_element  wpb_text_column_2132204426   wt-400\"  >\r\n\t\t<div class=\"wpb_wrapper\">\r\n\t\t\t<p><span style=\"font-weight: 400;\"><strong>8.<\/strong> despu\u00e9s de recibir los cambios comunicados, proceder\u00e9 a renderizar las im\u00e1genes y animaciones a su resoluci\u00f3n final, finalizando as\u00ed la fase de postproducci\u00f3n. una vez concluida esta etapa, le entregar\u00e9 las im\u00e1genes y videos en su resoluci\u00f3n acordada.<\/span><\/p>\n\r\n\t\t<\/div>\r\n\t<\/div>\r\n<\/div><\/div><div  class=\"vc_tta-panel\" id=\"1700163424667-584e0035-0a3c\" data-vc-content=\".vc_tta-panel-body\"><div class=\"vc_tta-panel-body\">\n\t\t\t<span class=\"vc_tta-panel-title\">\n\t\t\t\t<a  data-vc-container=\".vc_tta-container\" data-vc-accordion=\"\" data-vc-target=\"#1700163424667-584e0035-0a3c\"><\/a>\n\t\t\t<\/span>\n\t\t\r\n\t<div class=\"wpb_text_column wpb_content_element  wpb_text_column_1958832784   wt-400\"  >\r\n\t\t<div class=\"wpb_wrapper\">\r\n\t\t\t<p><strong>9.<\/strong> una vez finalizado un proyecto, agradecemos una breve llamada para evaluar su experiencia y obtener observaciones que nos permitan mejorar para futuros proyectos.<\/p>\n\r\n\t\t<\/div>\r\n\t<\/div>\r\n<\/div><\/div><\/div><\/div><\/div><\/div><\/div><\/div><\/div><div class=\"wpb_column vc_column_container vc_col-sm-2\"><div class=\"vc_column-inner\"><div class=\"wpb_wrapper\">\r\n\t<div class=\"wpb_text_column wpb_content_element  vc_custom_1700168030090 wpb_text_column_1344228586  wpb_text_column_1593340448557   wt-500\"  >\r\n\t\t<div class=\"wpb_wrapper\">\r\n\t\t\t<p style=\"text-align: left;\"><strong> <span style=\"color: #0d0d0c;\">im\u00e1genes en movimiento<\/span><\/strong><\/p>\n\r\n\t\t<\/div>\r\n\t<\/div>\r\n\r\n\t<div class=\"wpb_text_column wpb_content_element  vc_custom_1700665273955 wpb_text_column_1344228586  wpb_text_column_1593340448557   wt-500\"  >\r\n\t\t<div class=\"wpb_wrapper\">\r\n\t\t\t<p><span style=\"color: #9a9a9a; font-size: 16px; font-weight: 400;\">01.<\/span><span style=\"color: #9a9a9a;\"> \u00a0<\/span><span style=\"color: #0d0d0c;\">animaci\u00f3n 3d.<br \/>\n<\/span><\/p>\n\r\n\t\t<\/div>\r\n\t<\/div>\r\n\r\n\t<div class=\"wpb_text_column wpb_content_element  vc_custom_1700665280256 wpb_text_column_1344228586  wpb_text_column_1593340448557   wt-500\"  >\r\n\t\t<div class=\"wpb_wrapper\">\r\n\t\t\t<p><span style=\"color: #9a9a9a; font-size: 16px; font-weight: 400;\">02.<\/span><span style=\"color: #9a9a9a;\"> \u00a0<\/span><span style=\"color: #0d0d0c;\">recorridos virtuales.<br \/>\n<\/span><\/p>\n\r\n\t\t<\/div>\r\n\t<\/div>\r\n\r\n\t<div class=\"wpb_text_column wpb_content_element  vc_custom_1700665285259 wpb_text_column_1344228586  wpb_text_column_1593340448557   wt-500\"  >\r\n\t\t<div class=\"wpb_wrapper\">\r\n\t\t\t<p><span style=\"color: #9a9a9a; font-size: 16px; font-weight: 400;\">03.<\/span><span style=\"color: #9a9a9a;\"> \u00a0<\/span><span style=\"color: #0d0d0c;\">experiencias de realidad virtual.<br \/>\n<\/span><\/p>\n\r\n\t\t<\/div>\r\n\t<\/div>\r\n<\/div><\/div><\/div><div class=\"wpb_column vc_column_container vc_col-sm-2\"><div class=\"vc_column-inner\"><div class=\"wpb_wrapper\">\r\n\t<div class=\"wpb_text_column wpb_content_element  vc_custom_1702203153441 wpb_text_column_1344228586  wpb_text_column_1593340448557   wt-500\"  >\r\n\t\t<div class=\"wpb_wrapper\">\r\n\t\t\t<p style=\"text-align: left;\"><span style=\"color: #0d0d0c;\"><span style=\"color: #0d0d0c;\"><b>im\u00e1genes est\u00e1ticas\u00a0<\/b><\/span><\/span><\/p>\n\r\n\t\t<\/div>\r\n\t<\/div>\r\n\r\n\t<div class=\"wpb_text_column wpb_content_element  vc_custom_1700665290082 wpb_text_column_1344228586  wpb_text_column_1593340448557   wt-500\"  >\r\n\t\t<div class=\"wpb_wrapper\">\r\n\t\t\t<p><span style=\"color: #9a9a9a; font-size: 16px; font-weight: 400;\">01.\u00a0 <\/span><span style=\"color: #0d0d0c;\">visualizaci\u00f3n arquitect\u00f3nica.<br \/>\n<\/span><\/p>\n\r\n\t\t<\/div>\r\n\t<\/div>\r\n\r\n\t<div class=\"wpb_text_column wpb_content_element  vc_custom_1700665295441 wpb_text_column_1344228586  wpb_text_column_1593340448557   wt-500\"  >\r\n\t\t<div class=\"wpb_wrapper\">\r\n\t\t\t<p><span style=\"color: #9a9a9a; font-size: 16px; font-weight: 400;\">02.<\/span><span style=\"color: #9a9a9a;\"> \u00a0<span style=\"color: #0d0d0c;\">dise\u00f1o interior.<\/span><\/span><\/p>\n\r\n\t\t<\/div>\r\n\t<\/div>\r\n\r\n\t<div class=\"wpb_text_column wpb_content_element  vc_custom_1700665301001 wpb_text_column_1344228586  wpb_text_column_1593340448557   wt-500\"  >\r\n\t\t<div class=\"wpb_wrapper\">\r\n\t\t\t<p><span style=\"color: #9a9a9a; font-size: 16px; font-weight: 400;\">03.\u00a0<\/span><span style=\"color: #9a9a9a;\"> <span style=\"color: #0d0d0c;\">presentaci\u00f3n de producto.<br \/>\n<\/span><\/span><\/p>\n\r\n\t\t<\/div>\r\n\t<\/div>\r\n<\/div><\/div><\/div><\/div><\/div><div class=\"row-container\" ><div class=\"vc_row wpb_row vc_row-fluid\"><div class=\"wpb_column vc_column_container vc_col-sm-12\"><div class=\"vc_column-inner\"><div class=\"wpb_wrapper\"><div class=\"vc_empty_space\"   style=\"height: 30px\"><span class=\"vc_empty_space_inner\"><\/span><\/div><\/div><\/div><\/div><\/div><\/div><div class=\"row-container\" ><div class=\"vc_row wpb_row vc_row-fluid\"><div class=\"wpb_column vc_column_container vc_col-sm-8\"><div class=\"vc_column-inner\"><div class=\"wpb_wrapper\"><div id=\"\" class=\"video-player-for-wpbakery \">\n    <div class=\"video-player-for-wpbakery-container\">\n        <video width=\"1024\" height=\"1024\"  autoplay loop muted>\n            <source src=\"https:\/\/kineframe.com\/wp-content\/uploads\/2023\/12\/demo-reel-cgi-animation_v2.mp4\" type=\"video\/mp4\">\n            Your browser does not support the video tag.        <\/video>\n    <\/div>\n<\/div>\n<\/div><\/div><\/div><div class=\"wpb_column vc_column_container vc_col-sm-4\"><div class=\"vc_column-inner\"><div class=\"wpb_wrapper\"><div class=\"vc_empty_space\"   style=\"height: 35px\"><span class=\"vc_empty_space_inner\"><\/span><\/div>\r\n\t<div class=\"heading-custom text-left heading-custom_1190387733 \">\r\n\t\t\r\n\t\t        <h2 class=\"font-size-18 wt-400 heading\"  style=\"color:#0d0d0c;\" >\r\n\t\t\tanimacion 3d\t\t\r\n\t\t<\/h2>\r\n\t\t\t\t\r\n\t\t\t\t\r\n\t\t\r\n    <\/div>\r\n\t<div class=\"wpb_text_column wpb_content_element  vc_custom_1702203051709 wpb_text_column_2076832557  wpb_text_column_1591367275771   wt-400\"  >\r\n\t\t<div class=\"wpb_wrapper\">\r\n\t\t\t<p><span style=\"font-weight: 400;\">la animaci\u00f3n 3d brinda la oportunidad de experimentar el espacio de una manera complementaria a las im\u00e1genes est\u00e1ticas, al introducir tiempo y movimiento para lograr un enfoque cinematogr\u00e1fico. representa la forma m\u00e1s convincente de impresionar a sus clientes.<\/span><\/p>\n<p><span style=\"font-weight: 400;\">el desarrollo seguir\u00e1 un proceso minucioso, desde la creaci\u00f3n del gui\u00f3n hasta la selecci\u00f3n de las mejores escenas para narrar la historia de su proyecto. Culminar\u00e1 en un producto final que incorpora gr\u00e1ficos en movimiento y m\u00fasica.<\/span><\/p>\n<p>si considera que su proyecto merece m\u00e1s que simples im\u00e1genes est\u00e1ticas, la animaci\u00f3n 3d es la mejor manera de complementarlas.<\/p>\n\r\n\t\t<\/div>\r\n\t<\/div>\r\n<\/div><\/div><\/div><\/div><\/div><div class=\"row-container\" ><div class=\"vc_row wpb_row vc_row-fluid\"><div class=\"wpb_column vc_column_container vc_col-sm-8\"><div class=\"vc_column-inner\"><div class=\"wpb_wrapper\">\n\t<div  class=\"wpb_single_image wpb_content_element vc_align_center\">\n\t\t\n\t\t<figure class=\"wpb_wrapper vc_figure\">\n\t\t\t<div class=\"vc_single_image-wrapper   vc_box_border_grey\"><img loading=\"lazy\" decoding=\"async\" width=\"1024\" height=\"683\" src=\"https:\/\/kineframe.com\/wp-content\/uploads\/2023\/11\/studio-okami-beli-exterior-back-autumn-1-1024x683.webp\" class=\"vc_single_image-img attachment-large\" alt=\"exterior render autumn back studio okami beli house\" title=\"studio okami beli exterior back autumn\" srcset=\"https:\/\/kineframe.com\/wp-content\/uploads\/2023\/11\/studio-okami-beli-exterior-back-autumn-1-1024x683.webp 1024w, https:\/\/kineframe.com\/wp-content\/uploads\/2023\/11\/studio-okami-beli-exterior-back-autumn-1-300x200.webp 300w, https:\/\/kineframe.com\/wp-content\/uploads\/2023\/11\/studio-okami-beli-exterior-back-autumn-1-768x512.webp 768w, https:\/\/kineframe.com\/wp-content\/uploads\/2023\/11\/studio-okami-beli-exterior-back-autumn-1-1536x1025.webp 1536w, https:\/\/kineframe.com\/wp-content\/uploads\/2023\/11\/studio-okami-beli-exterior-back-autumn-1-600x400.webp 600w, https:\/\/kineframe.com\/wp-content\/uploads\/2023\/11\/studio-okami-beli-exterior-back-autumn-1-1200x800.webp 1200w, https:\/\/kineframe.com\/wp-content\/uploads\/2023\/11\/studio-okami-beli-exterior-back-autumn-1.webp 2000w\" sizes=\"auto, (max-width: 1024px) 100vw, 1024px\" \/><\/div>\n\t\t<\/figure>\n\t<\/div>\n<\/div><\/div><\/div><div class=\"wpb_column vc_column_container vc_col-sm-4\"><div class=\"vc_column-inner\"><div class=\"wpb_wrapper\">\r\n\t<div class=\"heading-custom text-left heading-custom_1190387733 \">\r\n\t\t\r\n\t\t        <h2 class=\"font-size-18 wt-400 heading\"  style=\"color:#0d0d0c;\" >\r\n\t\t\tim\u00e1genes est\u00e1ticas\t\t\r\n\t\t<\/h2>\r\n\t\t\t\t\r\n\t\t\t\t\r\n\t\t\r\n    <\/div>\r\n\t<div class=\"wpb_text_column wpb_content_element  vc_custom_1702203431195 wpb_text_column_2076832557  wpb_text_column_1591367275771   wt-400\"  >\r\n\t\t<div class=\"wpb_wrapper\">\r\n\t\t\t<p>las im\u00e1genes est\u00e1ticas, com\u00fanmente conocidas como renders, constituyen la herramienta perfecta para comunicarse con el cliente. estas permiten que su cliente visualice el proyecto antes de su construcci\u00f3n, brind\u00e1ndole la capacidad de imaginarse en ese espacio.<\/p>\n<p>no se trata simplemente de trasladar los dibujos a tres dimensiones; es cuidar su proyecto con toda nuestra atenci\u00f3n y dedicaci\u00f3n para crear im\u00e1genes con personalidad, capaces de enamorar a sus clientes.<\/p>\n<p>puede consolidar la calidad de su trabajo al contar con im\u00e1genes que evocan las emociones y atm\u00f3sferas que su proyecto desea transmitir. Lograremos esto mediante una comunicaci\u00f3n fluida y efectiva que garantizar\u00e1 los mejores resultados para su proyecto.<\/p>\n\r\n\t\t<\/div>\r\n\t<\/div>\r\n<\/div><\/div><\/div><\/div><\/div><div class=\"row-container\" ><div class=\"vc_row wpb_row vc_row-fluid\"><div class=\"wpb_column vc_column_container vc_col-sm-8\"><div class=\"vc_column-inner\"><div class=\"wpb_wrapper\">\n\t<div class=\"wpb_raw_code wpb_content_element wpb_raw_html\" >\n\t\t<div class=\"wpb_wrapper\">\n\t\t\t<iframe id=\"panoee-tour-embeded\" name=\"beli house\" src=\"https:\/\/tour.panoee.com\/iframe\/655e06a8d747fdc7e31c9871\" frameBorder=\"0\" width=\"100%\" height=\"500px\" scrolling=\"no\" allowvr=\"yes\" allow=\"vr; xr; accelerometer; gyroscope; autoplay;\" allowFullScreen=\"true\" webkitallowfullscreen=\"true\" mozallowfullscreen=\"true\" loading=\"lazy\"><\/iframe>\n      <script>\n        var pano_iframe_name = \"panoee-tour-embeded\";\n        window.addEventListener(\"devicemotion\", function(e){ var iframe = document.getElementById(pano_iframe_name); if (iframe) iframe.contentWindow.postMessage({ type:\"devicemotion\", deviceMotionEvent:{ acceleration:{ x:e.acceleration.x, y:e.acceleration.y, z:e.acceleration.z }, accelerationIncludingGravity:{ x:e.accelerationIncludingGravity.x, y:e.accelerationIncludingGravity.y, z:e.accelerationIncludingGravity.z }, rotationRate:{ alpha:e.rotationRate.alpha, beta:e.rotationRate.beta, gamma:e.rotationRate.gamma }, interval:e.interval, timeStamp:e.timeStamp } }, \"*\"); });\n      <\/script>\n      \n\t\t<\/div>\n\t<\/div>\n<\/div><\/div><\/div><div class=\"wpb_column vc_column_container vc_col-sm-4\"><div class=\"vc_column-inner\"><div class=\"wpb_wrapper\">\r\n\t<div class=\"heading-custom text-left heading-custom_1190387733 \">\r\n\t\t\r\n\t\t        <h2 class=\"font-size-18 wt-400 heading\"  style=\"color:#0d0d0c;\" >\r\n\t\t\trecorrido virtual\t\t\r\n\t\t<\/h2>\r\n\t\t\t\t\r\n\t\t\t\t\r\n\t\t\r\n    <\/div>\r\n\t<div class=\"wpb_text_column wpb_content_element  vc_custom_1702203475081 wpb_text_column_2076832557  wpb_text_column_1591367275771   wt-400\"  >\r\n\t\t<div class=\"wpb_wrapper\">\r\n\t\t\t<p>otra herramienta poderosa para potenciar la campa\u00f1a de marketing de sus proyectos son las im\u00e1genes 360. estas ofrecen la oportunidad de sumergirse en el espacio y percibir sus dimensiones reales de manera interactiva y envolvente, permitiendo a su cliente explorar el entorno desde diversos \u00e1ngulos y perspectivas.<\/p>\n\r\n\t\t<\/div>\r\n\t<\/div>\r\n<\/div><\/div><\/div><\/div><\/div><div class=\"row-container\" ><div class=\"vc_row wpb_row vc_row-fluid\"><div class=\"wpb_column vc_column_container vc_col-sm-12\"><div class=\"vc_column-inner\"><div class=\"wpb_wrapper\"><div class=\"vc_empty_space\"   style=\"height: 50px\"><span class=\"vc_empty_space_inner\"><\/span><\/div><\/div><\/div><\/div><\/div><\/div><div class=\"row-container\" ><div class=\"vc_row wpb_row vc_row-fluid\"><div class=\"wpb_column vc_column_container vc_col-sm-12\"><div class=\"vc_column-inner\"><div class=\"wpb_wrapper\">\r\n<div class=\"kraft-btn-container text-right \" >\r\n    <div class=\"link kraft-btn-link\">\r\n        <a href=\"https:\/\/kineframe.com\/trabajos\/\"  style=\"color:#0d0d0c;font-size:24px;font-weight:500;padding-top:16px;padding-bottom:16px;padding-left:34px;padding-right:34px;\"  >\r\n\r\n\t\t\ttrabajos\r\n\t\t\t\t\t\t\t<img decoding=\"async\" src=\"https:\/\/kineframe.com\/wp-content\/themes\/kraft\/assets\/images\/svg\/button-arrow-dark.svg\" alt=\"Arrow\" \/>\r\n\t\t\t\r\n\t\t<\/a>\r\n    <\/div>\r\n<\/div>\r\n<\/div><\/div><\/div><\/div><\/div><div class=\"row-container\" ><div class=\"vc_row wpb_row vc_row-fluid\"><div class=\"wpb_column vc_column_container vc_col-sm-12\"><div class=\"vc_column-inner\"><div class=\"wpb_wrapper\">\r\n\t<div class=\"wpb_text_column wpb_content_element   wt-[object Object]\"  >\r\n\t\t<div class=\"wpb_wrapper\">\r\n\t\t\t\r\n\t\t<\/div>\r\n\t<\/div>\r\n<\/div><\/div><\/div><\/div><\/div>\n<\/section>","protected":false},"excerpt":{"rendered":"servicios kineframe re\u00fane a\u00f1os de experiencia en visualizaci\u00f3n arquitect\u00f3nica, trabajando desde proyectos de interiorismo, con detalles minuciosos, hasta proyectos de urbanismo a gran escala. de estas experiencias emerge la capacidad de comprender las necesidades de varias figuras en el campo del dise\u00f1o, como promotores, arquitectos, interioristas, fabricantes,\u00a0entre otros. el punto de partida de los proyectos [...]","protected":false},"author":1,"featured_media":0,"parent":0,"menu_order":0,"comment_status":"closed","ping_status":"closed","template":"","meta":{"_monsterinsights_skip_tracking":false,"_monsterinsights_sitenote_active":false,"_monsterinsights_sitenote_note":"","_monsterinsights_sitenote_category":0,"_uf_show_specific_survey":0,"_uf_disable_surveys":false,"footnotes":""},"class_list":["post-51","page","type-page","status-publish","hentry"],"_links":{"self":[{"href":"https:\/\/kineframe.com\/es\/wp-json\/wp\/v2\/pages\/51","targetHints":{"allow":["GET"]}}],"collection":[{"href":"https:\/\/kineframe.com\/es\/wp-json\/wp\/v2\/pages"}],"about":[{"href":"https:\/\/kineframe.com\/es\/wp-json\/wp\/v2\/types\/page"}],"author":[{"embeddable":true,"href":"https:\/\/kineframe.com\/es\/wp-json\/wp\/v2\/users\/1"}],"replies":[{"embeddable":true,"href":"https:\/\/kineframe.com\/es\/wp-json\/wp\/v2\/comments?post=51"}],"version-history":[{"count":97,"href":"https:\/\/kineframe.com\/es\/wp-json\/wp\/v2\/pages\/51\/revisions"}],"predecessor-version":[{"id":1897,"href":"https:\/\/kineframe.com\/es\/wp-json\/wp\/v2\/pages\/51\/revisions\/1897"}],"wp:attachment":[{"href":"https:\/\/kineframe.com\/es\/wp-json\/wp\/v2\/media?parent=51"}],"curies":[{"name":"wp","href":"https:\/\/api.w.org\/{rel}","templated":true}]}}